{"id":3666,"date":"2020-12-10T12:48:42","date_gmt":"2020-12-10T12:48:42","guid":{"rendered":"http:\/\/skorpion.me\/o-nama\/"},"modified":"2023-10-31T08:09:16","modified_gmt":"2023-10-31T08:09:16","slug":"about-us","status":"publish","type":"page","link":"https:\/\/skorpion.me\/en\/about-us\/","title":{"rendered":"About us"},"content":{"rendered":"<div class=\"wpb-content-wrapper\">[vc_row disable_element=&#8221;yes&#8221;][vc_column width=&#8221;2\/3&#8243;][wgl_double_headings title_color=&#8221;#252525&#8243; subtitle_color=&#8221;#ff7d00&#8243; title=&#8221;\u201c\u0160korpion\u201c d.o.o. Herceg Novi<br \/>\nosnovan 1991.&#8221; responsive_font=&#8221;true&#8221; font_size_mobile=&#8221;33&#8243;][wgl_spacing spacer_size=&#8221;20px&#8221;][wgl_custom_text font_size=&#8221;18&#8243;]<span>i 100% je u privatnom vlasni\u0161tvu. Osnovna djelatnost od samog po\u010detka rada je trgovina sa prehrambenim proizvodima i pro\u0161li smo kroz sve faze od maloprodaje preko veleprodaje do uvoza, zastupanja i distribucije na \u010ditavoj teritoriji Crne Gore, \u010dime se firma danas isklju\u010divo bavi. Danas je u na\u0161oj firmi zapo\u0161ljeno preko 90 ljudi.<\/span><br \/>\n<span>Raspola\u017eemo<\/span><span>\u00a0vlastitim regalnim skladi\u0161nim prostorom od 2648 kvadratnih metara. U okviru skladi\u0161ta nalazi se i vlastito carinsko skladi\u0161te, te hladnja\u010de kapaciteta 3907\u00a0kubnih metara, zbog specificnosti svje\u017eih prizvoda sa izrazito kratkim rokom trajanja koje imamo u svom asortimanu i za koje predvi\u0111en poseban re\u017eim \u010duvanja i transporta. I u budu\u0107nosti prioritet poslovanja jeste kontiniuirani rast i razvoj kompanije kroz dalje \u0161irenje i pobolj\u0161anje distribucije, ulaganje u ljudske resurse, najsavremeniju opremu i dostavna vozila, kako bi zadr\u017eali jednu od liderskih poziciju na tr\u017ei\u0161tu.<\/span>[\/wgl_custom_text][\/vc_column][vc_column width=&#8221;1\/3&#8243;][wgl_spacing spacer_size=&#8221;80&#8243; screen_tablet=&#8221;768&#8243; responsive_tablet=&#8221;true&#8221; size_tablet=&#8221;15&#8243;][vc_column_text]<img loading=\"lazy\" decoding=\"async\" class=\"alignnone wp-image-2678 size-full\" src=\"https:\/\/skorpion.me\/wp-content\/uploads\/2020\/12\/about-us.png\" alt=\"about-us\" width=\"618\" height=\"553\" srcset=\"https:\/\/skorpion.me\/wp-content\/uploads\/2020\/12\/about-us.png 618w, https:\/\/skorpion.me\/wp-content\/uploads\/2020\/12\/about-us-300x268.png 300w\" sizes=\"auto, (max-width: 618px) 100vw, 618px\" \/>[\/vc_column_text][\/vc_column][\/vc_row][vc_row][vc_column width=&#8221;1\/2&#8243;][wgl_double_headings title_color=&#8221;#252525&#8243; subtitle_color=&#8221;#0089d0&#8243; responsive_font=&#8221;true&#8221; font_size_mobile=&#8221;33&#8243;][wgl_spacing spacer_size=&#8221;20px&#8221;][wgl_custom_text font_size=&#8221;18&#8243;]<img loading=\"lazy\" decoding=\"async\" class=\"aligncenter wp-image-11065\" src=\"https:\/\/skorpion.me\/wp-content\/uploads\/2023\/10\/VV.png\" alt=\"\" width=\"249\" height=\"181\" srcset=\"https:\/\/skorpion.me\/wp-content\/uploads\/2023\/10\/VV.png 653w, https:\/\/skorpion.me\/wp-content\/uploads\/2023\/10\/VV-300x218.png 300w\" sizes=\"auto, (max-width: 249px) 100vw, 249px\" \/><span style=\"color: #ffffff;\">kjsfioesjofpjeopfjopefjopewfjopewjfopejwfop<\/span>[\/wgl_custom_text][wgl_custom_text font_size=&#8221;18&#8243;]The company &#8220;\u0160korpion&#8221; doo Herceg Novi was founded in 1991 and is 100% privately owned. The main activity from the very beginning is the trade of food products and we have gone through all phases, from retail, through wholesale, to import, representation and distribution throughout Montenegro, which the company today deals exclusively with.<\/p>\n<p>We have our own storage space of the most modern refrigeration chambers and product storage technologies, as well as our own customs warehouse, which with a well-developed sales and distribution network with national coverage provide efficient, safe and fast delivery to your facility!<\/p>\n<p>With over 95 employees the priority of our business will remain to be continuous growth and development of company through further expansion and improvement of distribution, investing in human resources, state of the art technology and delivery vehicles, in order to keep one of the leading roles in the market.[\/wgl_custom_text][\/vc_column][vc_column width=&#8221;1\/2&#8243;][wgl_spacing spacer_size=&#8221;80&#8243; screen_tablet=&#8221;768&#8243; responsive_tablet=&#8221;true&#8221; size_tablet=&#8221;15&#8243;][vc_gallery type=&#8221;flexslider_slide&#8221; interval=&#8221;3&#8243; images=&#8221;3041,3043,3045,3047&#8243; img_size=&#8221;full&#8221; onclick=&#8221;&#8221;][\/vc_column][\/vc_row][vc_row full_width=&#8221;stretch_row&#8221; css=&#8221;.vc_custom_1542793661832{background-position: center !important;background-repeat: no-repeat !important;background-size: cover !important;}&#8221;][vc_column][vc_empty_space][wgl_double_headings align=&#8221;center&#8221; title_color=&#8221;#252525&#8243; subtitle_color=&#8221;#0089d0&#8243; title=&#8221;OUR STORY&#8221; responsive_font=&#8221;true&#8221; font_size_mobile=&#8221;32&#8243;][wgl_spacing spacer_size=&#8221;33px&#8221; screen_tablet=&#8221;768&#8243; responsive_tablet=&#8221;true&#8221; size_tablet=&#8221;65&#8243;][wgl_custom_text font_size=&#8221;18&#8243;]Through responsible business, continous investment in growth and development our company has become one of the leading distributors in Montenegro.[\/wgl_custom_text][wgl_spacing spacer_size=&#8221;76px&#8221; screen_tablet=&#8221;768&#8243; responsive_tablet=&#8221;true&#8221; size_tablet=&#8221;65&#8243;][wgl_time_line_vertical values=&#8221;%5B%7B%22title%22%3A%22Begininng%20%22%2C%22descr%22%3A%22The%20company%20%C5%A0korpion%20d.o.o%20Herceg%20Novi%20was%20founded%5Cn%5Cn%22%2C%22date%22%3A%221991%22%2C%22color%22%3A%22%230089d0%22%7D%2C%7B%22title%22%3A%22Wholesale%20%22%2C%22descr%22%3A%22We%20establish%20a%20wholesale%20and%20become%20distributors%20of%205%20European%20brands%22%2C%22date%22%3A%221993%22%2C%22color%22%3A%22%230089d0%22%7D%2C%7B%22title%22%3A%22Storage%20space%22%2C%22descr%22%3A%22In%20the%20Igalo%20Service%20Zone%2C%20we%20are%20moving%20to%20our%20own%20storage%20space%20of%201000m2%22%2C%22date%22%3A%222005%22%2C%22color%22%3A%22%230089d0%22%2C%22active%22%3A%22true%22%7D%2C%7B%22title%22%3A%22Portfolio%20expansion%22%2C%22descr%22%3A%22From%20%202012%2C%20with%20over%2042%20employees%2C%20we%20represent%20over%2050%20brands%22%2C%22date%22%3A%222012%22%2C%22color%22%3A%22%230089d0%22%7D%2C%7B%22title%22%3A%22Modernization%20of%20the%20distribution%20center%22%2C%22descr%22%3A%22We%20are%20expanding%20and%20modernizing%20the%20warehouse%20space%2C%20cold%20storage%20and%20vehicle%20.We%20represent%20over%2075%20brands%2C%20while%20the%20number%20of%20employees%20is%2095%5Cn%22%2C%22date%22%3A%222019%22%2C%22color%22%3A%22%230089d0%22%7D%2C%7B%22title%22%3A%22Frozen%20program%22%2C%22descr%22%3A%22From%20now%20on%2C%20the%20distribution%20of%20the%20frozen%20program%20is%20part%20of%20our%20distribution%20and%20logistics%20system.%22%2C%22date%22%3A%222022%22%2C%22color%22%3A%22%230089d0%22%7D%5D&#8221;][wgl_spacing spacer_size=&#8221;56&#8243; screen_tablet=&#8221;768&#8243; responsive_tablet=&#8221;true&#8221; size_tablet=&#8221;30&#8243;][\/vc_column][\/vc_row][vc_row full_width=&#8221;stretch_row&#8221; el_class=&#8221;counterSection2&#8243;][vc_column][wgl_spacing spacer_size=&#8221;82&#8243; screen_tablet=&#8221;768&#8243; responsive_tablet=&#8221;true&#8221; size_tablet=&#8221;35&#8243;][vc_row_inner][vc_column_inner width=&#8221;1\/2&#8243; offset=&#8221;vc_col-md-3&#8243;][wgl_counter counter_layout=&#8221;top_left&#8221; icon_type=&#8221;none&#8221; count_value_color=&#8221;#5ad0ff&#8221; count_title=&#8221;Storage space&#8221; count_value=&#8221;2648&#8243; custom_count_value_color=&#8221;true&#8221; count_suffix=&#8221;m\u00b2&#8221;][wgl_spacing spacer_size=&#8221;35&#8243;][\/vc_column_inner][vc_column_inner width=&#8221;1\/2&#8243; offset=&#8221;vc_col-md-3&#8243;][wgl_counter counter_layout=&#8221;top_left&#8221; counter_align=&#8221;center&#8221; icon_type=&#8221;none&#8221; count_value_color=&#8221;#006ba1&#8243; title_tag=&#8221;&#8221; count_title=&#8221;capacity of refrigeration chambers&#8221; count_value=&#8221;3907&#8243; custom_count_value_color=&#8221;true&#8221; count_suffix=&#8221;m\u00b3&#8221;][wgl_spacing spacer_size=&#8221;35&#8243;][\/vc_column_inner][vc_column_inner width=&#8221;1\/2&#8243; offset=&#8221;vc_col-md-3&#8243;][wgl_counter counter_layout=&#8221;top_left&#8221; counter_align=&#8221;center&#8221; icon_type=&#8221;none&#8221; count_value_color=&#8221;#5ad0ff&#8221; count_title=&#8221;employees&#8221; count_value=&#8221;95&#8243; custom_count_value_color=&#8221;true&#8221;][wgl_spacing spacer_size=&#8221;35&#8243;][\/vc_column_inner][vc_column_inner width=&#8221;1\/2&#8243; offset=&#8221;vc_col-md-3&#8243;][wgl_counter counter_layout=&#8221;top_left&#8221; counter_align=&#8221;center&#8221; icon_type=&#8221;none&#8221; count_value_color=&#8221;#006ba1&#8243; count_title=&#8221;brands&#8221; count_value=&#8221;95&#8243; custom_count_value_color=&#8221;true&#8221;][wgl_spacing spacer_size=&#8221;35&#8243;][\/vc_column_inner][\/vc_row_inner][wgl_spacing spacer_size=&#8221;91&#8243; screen_tablet=&#8221;768&#8243; responsive_tablet=&#8221;true&#8221; size_tablet=&#8221;35&#8243;][wgl_divider height=&#8221;1&#8243; divider_color=&#8221;#dee1ed&#8221; divider_line_color=&#8221;#ff7d00&#8243;][\/vc_column][\/vc_row][vc_row][vc_column][vc_tta_tabs][vc_tta_section title=&#8221;Distribution&#8221; tab_id=&#8221;1607605430499-3cf2c5a4-df4e&#8221;][vc_column_text]\n<div class=\"grid_sub_16 sub_alpha\">\n<div class=\"content-bar\">\n<p>Storage space is made out of the latest refridgeration chambers and product preserving technologies.\u00a0 We have our own shelving storage space of 2648 m2. Within the warehouse is its own customs warehouse and refrigeration chambers with a capacity of 3907 m3, due to the specificity of fresh products with extremely short shelf life that we have in our assortment and which require a special regime of storage and transport.<\/p>\n<\/div>\n<\/div>\n[\/vc_column_text][vc_row_inner][vc_column_inner width=&#8221;1\/4&#8243;][\/vc_column_inner][vc_column_inner width=&#8221;1\/2&#8243;][vc_gallery type=&#8221;flexslider_slide&#8221; interval=&#8221;3&#8243; images=&#8221;3057,3059,3061,3063,3065,3067,3069&#8243; img_size=&#8221;full&#8221; onclick=&#8221;&#8221;][\/vc_column_inner][vc_column_inner width=&#8221;1\/4&#8243;][\/vc_column_inner][\/vc_row_inner][\/vc_tta_section][vc_tta_section title=&#8221;Vehicle fleet&#8221; tab_id=&#8221;1613052591701-d63b03a1-b5a4&#8243;][vc_column_text]\n<div class=\"grid_sub_16 sub_alpha\">\n<div class=\"content-bar\">\n<p>In our own vehicle fleet we have the latest delivery vehicles of various temperature regimes. All transport vehicles are equiped with GPS devices that provide a more detailed insight into a location, conditions and routes, which quarantees efficient, safe and fast delivery to your facility.<\/p>\n<\/div>\n<\/div>\n[\/vc_column_text][vc_row_inner][vc_column_inner width=&#8221;1\/4&#8243;][\/vc_column_inner][vc_column_inner width=&#8221;1\/2&#8243;][vc_gallery type=&#8221;flexslider_slide&#8221; interval=&#8221;3&#8243; images=&#8221;3071,3073&#8243; img_size=&#8221;full&#8221; onclick=&#8221;&#8221;][\/vc_column_inner][vc_column_inner width=&#8221;1\/4&#8243;][\/vc_column_inner][\/vc_row_inner][\/vc_tta_section][vc_tta_section title=&#8221;Sales network&#8221; tab_id=&#8221;1613052389655-8d578295-35a2&#8243;][vc_column_text]From the very beginning of our business, due to specificity of the goods, we didnt wait for a customer to arrive to us, but we delivered the goods in every sales facility. Today, 100% of the turnover is done by direct distribution to each customer. We supply over 1000 retail outlets, and over 300 HoReCa outlets throughout Montenegro. Following the development of the company and the expansion of the range and brands, we are also improving our distribution channel.[\/vc_column_text][vc_single_image image=&#8221;3055&#8243; img_size=&#8221;416&#215;440&#8243; alignment=&#8221;center&#8221;][\/vc_tta_section][vc_tta_section title=&#8221;Marketing&#8221; tab_id=&#8221;1632470006059-18a6c509-86f5&#8243;][vc_column_text]Following the strategic goals of our company and business plans of principal, we dedicate special attention to marketing activities in order to maintain and increase market share in the best possible way. Through analyzing local market, our marketing team plans, shapes and implements a\u00a0 marketing strategy for every principle inditidually, in order to achieve the best results.<\/p>\n<p>For that purpose we organize all sorts of<span>\u00a0<\/span><strong>ATL<\/strong><span>\u00a0<\/span>and<span>\u00a0<\/span><strong>BTL<\/strong><span>\u00a0<\/span>activitiesfor our market.[\/vc_column_text][vc_row_inner][vc_column_inner width=&#8221;1\/4&#8243;][\/vc_column_inner][vc_column_inner width=&#8221;1\/2&#8243;][vc_gallery interval=&#8221;3&#8243; images=&#8221;10329,10327,10323,10319,10325,10321,10311,10317,10315,10313&#8243; img_size=&#8221;full&#8221;][\/vc_column_inner][vc_column_inner width=&#8221;1\/4&#8243;][\/vc_column_inner][\/vc_row_inner][vc_row_inner][vc_column_inner][vc_column_text]<strong>ATL<\/strong><\/p>\n<p><span> As part of the agreed business plan of our principals, in cooperation with marketing agencies, we also conduct ATL activities. Using mass communication channels, we continuously develop and strengthen the market position of our brands. By carefully analyzing the market, following trends, planning and quality budget management, we create and implement marketing campaigns. Through the efficient implementation of media plans, we achieve the short-term and long-term goals of our principals.<\/span><\/p>\n<p><strong>BTL<\/strong><\/p>\n<p>Through detailed planning, implementation and monitoring of all BTL activities, we strive to make the best possible contact with consumers. We pay special attention to well-planned trade actions and activities to improve sales such as promotions, active sales, tailor made activities, mix &amp; match activities. As the largest percentage of purchase decisions are made at the point of sale, our goal is to stimulate consumers and increase sales through quality merchandising of products, installation of POS and POP materials.[\/vc_column_text][\/vc_column_inner][\/vc_row_inner][\/vc_tta_section][vc_tta_section title=&#8221;Structure&#8221; tab_id=&#8221;1607605640127-121c5f56-e55e&#8221;][vc_column_text]In order to meet all the requirements of the principal, we constantly monitor new business trends, and we achieve success and continuous growth, as well as the achievement of strategic goals, thanks to quality staff. That is why we strive to nurture a stimulating business environment and team spirit through constant training and education of our employees, aware that people are the most important resource of our company. Today, our company has over 95 employees, organized in several sectors:<\/p>\n<p>Management, Sale, Procurement, Distribution, Logistics, Development, Marketing, Finance, Accounting, IT[\/vc_column_text][wgl_spacing spacer_size=&#8221;30px&#8221;][vc_row_inner][vc_column_inner width=&#8221;1\/4&#8243;][\/vc_column_inner][vc_column_inner width=&#8221;1\/4&#8243;][vc_message message_box_style=&#8221;solid&#8221; message_box_color=&#8221;sky&#8221; icon_fontawesome=&#8221;fas fa-users&#8221;]Management[\/vc_message][vc_message message_box_style=&#8221;solid&#8221; message_box_color=&#8221;sky&#8221; icon_fontawesome=&#8221;fas fa-hand-holding-usd&#8221;]Sales[\/vc_message][vc_message message_box_style=&#8221;solid&#8221; message_box_color=&#8221;sky&#8221; icon_fontawesome=&#8221;fas fa-business-time&#8221;]Procurement[\/vc_message][vc_message message_box_style=&#8221;solid&#8221; message_box_color=&#8221;sky&#8221; icon_fontawesome=&#8221;fas fa-truck&#8221;]Distribution[\/vc_message][vc_message message_box_style=&#8221;solid&#8221; message_box_color=&#8221;sky&#8221; icon_fontawesome=&#8221;fas fa-sitemap&#8221;]Logistic[\/vc_message][\/vc_column_inner][vc_column_inner width=&#8221;1\/4&#8243;][vc_message message_box_style=&#8221;solid&#8221; message_box_color=&#8221;sky&#8221; icon_fontawesome=&#8221;fas fa-chart-line&#8221;]Development[\/vc_message][vc_message message_box_style=&#8221;solid&#8221; message_box_color=&#8221;sky&#8221; icon_fontawesome=&#8221;fas fa-bullhorn&#8221;]Marketing[\/vc_message][vc_message message_box_style=&#8221;solid&#8221; message_box_color=&#8221;sky&#8221; icon_fontawesome=&#8221;fas fa-hand-holding-usd&#8221;]Finance[\/vc_message][vc_message message_box_style=&#8221;solid&#8221; message_box_color=&#8221;sky&#8221; icon_fontawesome=&#8221;fas fa-book&#8221;]Accounting[\/vc_message][vc_message message_box_style=&#8221;solid&#8221; message_box_color=&#8221;sky&#8221; icon_fontawesome=&#8221;fas fa-tv&#8221;]IT[\/vc_message][\/vc_column_inner][vc_column_inner width=&#8221;1\/4&#8243;][\/vc_column_inner][\/vc_row_inner][\/vc_tta_section][vc_tta_section title=&#8221;Certificates and rewards&#8221; tab_id=&#8221;1607605543814-852b7a13-3722&#8243;][vc_column_text]Since the founding of our company, we have been striving to harmonize our business with positive legal regulations and the requirements of partners and end consumers through continuous improvement. The reliability of our services is confirmed by numerous certificates, which ensure the quality of services and organizations according to international standards, which is the priority of our business.[\/vc_column_text][vc_row_inner][vc_column_inner width=&#8221;1\/4&#8243;][vc_single_image image=&#8221;2636&#8243; img_size=&#8221;full&#8221;][\/vc_column_inner][vc_column_inner width=&#8221;1\/4&#8243;][vc_single_image image=&#8221;2634&#8243; img_size=&#8221;full&#8221;][\/vc_column_inner][vc_column_inner width=&#8221;1\/4&#8243;][vc_single_image image=&#8221;2632&#8243; img_size=&#8221;full&#8221;][\/vc_column_inner][vc_column_inner width=&#8221;1\/4&#8243;][vc_single_image image=&#8221;2630&#8243; img_size=&#8221;full&#8221;][\/vc_column_inner][\/vc_row_inner][\/vc_tta_section][\/vc_tta_tabs][vc_row_inner][vc_column_inner][vc_empty_space][wgl_clients item_grid=&#8221;5&#8243; item_anim=&#8221;ex_images&#8221; autoplay_speed=&#8221;1000&#8243; values=&#8221;%5B%7B%22thumbnail%22%3A%222696%22%2C%22hover_thumbnail%22%3A%222696%22%7D%2C%7B%22thumbnail%22%3A%222698%22%2C%22hover_thumbnail%22%3A%222698%22%7D%2C%7B%22thumbnail%22%3A%222700%22%2C%22hover_thumbnail%22%3A%222700%22%7D%2C%7B%22thumbnail%22%3A%222702%22%2C%22hover_thumbnail%22%3A%222702%22%7D%2C%7B%22thumbnail%22%3A%222704%22%2C%22hover_thumbnail%22%3A%222704%22%7D%2C%7B%22thumbnail%22%3A%222706%22%2C%22hover_thumbnail%22%3A%222706%22%7D%2C%7B%22thumbnail%22%3A%222708%22%2C%22hover_thumbnail%22%3A%222708%22%7D%5D&#8221; use_carousel=&#8221;true&#8221; autoplay=&#8221;true&#8221;][\/vc_column_inner][\/vc_row_inner][\/vc_column][\/vc_row][vc_row full_width=&#8221;stretch_row&#8221; disable_element=&#8221;yes&#8221; css=&#8221;.vc_custom_1607606368697{background-color: #f4f6fd !important;}&#8221;][vc_column offset=&#8221;vc_col-lg-offset-3 vc_col-lg-6&#8243;][wgl_spacing spacer_size=&#8221;55px&#8221; screen_tablet=&#8221;768&#8243; responsive_tablet=&#8221;true&#8221; size_tablet=&#8221;30&#8243;][wgl_double_headings align=&#8221;center&#8221; title_color=&#8221;#252525&#8243; subtitle_color=&#8221;#ff7d00&#8243; title=&#8221;Our Best Features&#8221; responsive_font=&#8221;true&#8221; font_size_mobile=&#8221;34&#8243;][wgl_spacing spacer_size=&#8221;10&#8243;][wgl_custom_text font_size=&#8221;18&#8243;]\n<p style=\"text-align: center;\">SEO &amp; search marketing news and chatter from Seofy. As well as these existing tools, we\u2019re in the unique position.<\/p>\n[\/wgl_custom_text][wgl_spacing spacer_size=&#8221;276&#8243;][\/vc_column][\/vc_row][vc_row disable_element=&#8221;yes&#8221;][vc_column css=&#8221;.vc_custom_1542801858058{margin-top: -270px !important;}&#8221;][vc_row_inner][vc_column_inner width=&#8221;1\/2&#8243; offset=&#8221;vc_col-md-4&#8243;][wgl_services_3 icon_type=&#8221;font&#8221; icon_font_type=&#8221;type_flaticon&#8221; icon_flaticon=&#8221;flaticon-analytics&#8221; hexagon_color=&#8221;#ffa705&#8243; hexagon_color_2=&#8221;#ff5600&#8243; icon_color_type=&#8221;gradient&#8221; title=&#8221;SEO Consultancy&#8221; descr=&#8221;We help you define your SEO objectives &amp; develop a realistic strategy with you.&#8221; add_read_more=&#8221;true&#8221; add_hexagons=&#8221;true&#8221; hexgon_colors=&#8221;true&#8221; custom_icon_color=&#8221;true&#8221; link=&#8221;url:https%3A%2F%2Fskorpion.me%2Fcontact-us%2F|||&#8221;][wgl_spacing spacer_size=&#8221;35&#8243;][\/vc_column_inner][vc_column_inner width=&#8221;1\/2&#8243; offset=&#8221;vc_col-md-4&#8243;][wgl_services_3 icon_type=&#8221;font&#8221; icon_font_type=&#8221;type_flaticon&#8221; icon_flaticon=&#8221;flaticon-project&#8221; hexagon_color=&#8221;#52acfa&#8221; icon_color_type=&#8221;gradient&#8221; icon_color_to=&#8221;#3224e9&#8243; title=&#8221;Content Marketing&#8221; descr=&#8221;Our team of creatives, designers &amp; developers work alongside our SEO &amp; content teams.&#8221; add_read_more=&#8221;true&#8221; add_hexagons=&#8221;true&#8221; hexgon_colors=&#8221;true&#8221; custom_icon_color=&#8221;true&#8221; link=&#8221;url:https%3A%2F%2Fskorpion.me%2Fservices-1%2F|||&#8221;][wgl_spacing spacer_size=&#8221;35&#8243;][\/vc_column_inner][vc_column_inner width=&#8221;1\/2&#8243; offset=&#8221;vc_col-md-offset-0 vc_col-md-4 vc_col-sm-offset-3&#8243;][wgl_services_3 icon_type=&#8221;font&#8221; icon_font_type=&#8221;type_flaticon&#8221; icon_flaticon=&#8221;flaticon-key-1&#8243; hexagon_color=&#8221;#69e9f2&#8243; hexagon_color_2=&#8221;#12affe&#8221; icon_color_type=&#8221;gradient&#8221; icon_color_from=&#8221;#8cffed&#8221; icon_color_to=&#8221;#009cff&#8221; title=&#8221;Keyword Research&#8221; descr=&#8221;Keyword &amp; market research help guide SEO strategy and allow us to provide realistic projections.&#8221; add_read_more=&#8221;true&#8221; add_hexagons=&#8221;true&#8221; hexgon_colors=&#8221;true&#8221; custom_icon_color=&#8221;true&#8221; link=&#8221;url:https%3A%2F%2Fskorpion.me%2Ffaq%2F|||&#8221;][wgl_spacing spacer_size=&#8221;35&#8243;][\/vc_column_inner][\/vc_row_inner][wgl_spacing spacer_size=&#8221;64&#8243; screen_tablet=&#8221;768&#8243; responsive_tablet=&#8221;true&#8221; size_tablet=&#8221;45&#8243;][\/vc_column][\/vc_row][vc_row disable_element=&#8221;yes&#8221;][vc_column][wgl_spacing spacer_size=&#8221;35&#8243;]\r\n\t\t<div  class=\"wgl_module_team team-col_4 acenter\">\r\n\t\t    <div class=\"team-items_wrap clearfix\"  style=\"margin-right:-15px; margin-left:-15px;\" >\r\n\t\t        [wgl_carousel slide_to_show=\"4\" autoplay=\"\" autoplay_speed=\"3000\" use_pagination=\"\" pag_type=\"circle\" pag_offset=\"\" custom_pag_color=\"\" pag_color=\"#0089D0\" use_prev_next=\"\" custom_buttons_color=\"\" buttons_color=\"#0089D0\" custom_resp=\"\" resp_medium=\"1025\" resp_medium_slides=\"\" resp_tablets=\"800\" resp_tablets_slides=\"\" resp_mobile=\"480\" resp_mobile_slides=\"\" infinite=\"\" slides_to_scroll=\"\" ][\/wgl_carousel]\t\t    <\/div>\r\n\t\t<\/div>\r\n\r\n\t\t[wgl_spacing spacer_size=&#8221;45&#8243;][\/vc_column][\/vc_row]\n<\/div>","protected":false},"excerpt":{"rendered":"<p>[vc_row disable_element=&#8221;yes&#8221;][vc_column width=&#8221;2\/3&#8243;][wgl_double_headings title_color=&#8221;#252525&#8243; subtitle_color=&#8221;#ff7d00&#8243; title=&#8221;\u201c\u0160korpion\u201c d.o.o. Herceg Novi osnovan 1991.&#8221; responsive_font=&#8221;true&#8221; font_size_mobile=&#8221;33&#8243;][wgl_spacing spacer_size=&#8221;20px&#8221;][wgl_custom_text font_size=&#8221;18&#8243;]i 100% je u privatnom vlasni\u0161tvu. Osnovna djelatnost od samog po\u010detka rada je trgovina sa prehrambenim proizvodima i pro\u0161li smo kroz sve faze od maloprodaje preko veleprodaje do uvoza, zastupanja i distribucije na \u010ditavoj teritoriji Crne Gore, \u010dime se firma danas [&hellip;]<\/p>\n","protected":false},"author":1,"featured_media":0,"parent":0,"menu_order":0,"comment_status":"closed","ping_status":"closed","template":"","meta":{"_acf_changed":false,"footnotes":""},"class_list":["post-3666","page","type-page","status-publish","hentry"],"acf":[],"aioseo_notices":[],"_links":{"self":[{"href":"https:\/\/skorpion.me\/en\/wp-json\/wp\/v2\/pages\/3666","targetHints":{"allow":["GET"]}}],"collection":[{"href":"https:\/\/skorpion.me\/en\/wp-json\/wp\/v2\/pages"}],"about":[{"href":"https:\/\/skorpion.me\/en\/wp-json\/wp\/v2\/types\/page"}],"author":[{"embeddable":true,"href":"https:\/\/skorpion.me\/en\/wp-json\/wp\/v2\/users\/1"}],"replies":[{"embeddable":true,"href":"https:\/\/skorpion.me\/en\/wp-json\/wp\/v2\/comments?post=3666"}],"version-history":[{"count":25,"href":"https:\/\/skorpion.me\/en\/wp-json\/wp\/v2\/pages\/3666\/revisions"}],"predecessor-version":[{"id":11086,"href":"https:\/\/skorpion.me\/en\/wp-json\/wp\/v2\/pages\/3666\/revisions\/11086"}],"wp:attachment":[{"href":"https:\/\/skorpion.me\/en\/wp-json\/wp\/v2\/media?parent=3666"}],"curies":[{"name":"wp","href":"https:\/\/api.w.org\/{rel}","templated":true}]}}